{"id":11,"date":"2021-09-05T11:08:35","date_gmt":"2021-09-05T11:08:35","guid":{"rendered":"https:\/\/stage.tietojakone.com\/?page_id=11"},"modified":"2026-01-12T13:00:15","modified_gmt":"2026-01-12T13:00:15","slug":"etusivu","status":"publish","type":"page","link":"https:\/\/tietojakone.com\/","title":{"rendered":"Etusivu"},"content":{"rendered":"\n<div class=\"wp-block-qubely-row alignfull qubely-section qubely-block-d4ffe4\"><div class=\"qubely-shape-divider qubely-bottom-shape\"><svg xmlns=\"http:\/\/www.w3.org\/2000\/svg\" viewBox=\"0 0 1000 99\" preserveAspectRatio=\"none\">\n    <path d=\"M526.35,17.11C607.41,28.38,687,48.17,768.06,59.5A1149.19,1149.19,0,0,0,1000,68.07V0H0V99C155.18,13.84,347.42-7.77,526.35,17.11Z\" transform=\"translate(0 0.04)\"\/>\n<\/svg><\/div><div class=\"qubely-row-overlay\"><\/div><div class=\"qubely-container-fluid\"><div class=\"qubely-row \">\n<div class=\"wp-block-qubely-column qubely-column qubely-column-front qubely-block-4e44c7\"><div class=\"qubely-column-inner\">\n<div class=\"wp-block-qubely-row alignwide qubely-section qubely-block-24630e\"><div class=\"qubely-row-overlay\"><\/div><div class=\"qubely-container-fluid\"><div class=\"qubely-row \">\n<div class=\"wp-block-qubely-column qubely-column qubely-column-front qubely-block-131a23\"><div class=\"qubely-column-inner\">\n<p><\/p>\n<\/div><\/div>\n\n\n\n<div class=\"wp-block-qubely-column qubely-column qubely-column-front qubely-block-c5afaa\"><div class=\"qubely-column-inner\"><\/div><\/div>\n\n\n\n<div class=\"wp-block-qubely-column qubely-column qubely-column-front qubely-block-8c630d\"><div class=\"qubely-column-inner\">\n<p><\/p>\n<\/div><\/div>\n<\/div><\/div><\/div>\n\n\n\n<div class=\"wp-block-qubely-row qubely-section qubely-block-c313e1\"><div class=\"qubely-row-overlay\"><\/div><div class=\"qubely-container-fluid\"><div class=\"qubely-row \">\n<div class=\"wp-block-qubely-column qubely-column qubely-column-front qubely-block-7909e3\"><div class=\"qubely-column-inner\">\n<div class=\"wp-block-qubely-image qubely-block-e25638\"><div class=\"qubely-block-image  qubely-image-layout-simple\"><div class=\"qubely-image-media qubely-vertical-alignment-center qubely-horizontal-alignment-center\"><figure><div class=\"qubely-image-container\"><img decoding=\"async\" class=\"qubely-image-image\" src=\"http:\/\/10.0.1.76\/wp_layoutpack\/wp-content\/uploads\/2019\/10\/header-8-1.jpg\" alt=\"\"\/><\/div><\/figure><\/div><\/div><\/div>\n<\/div><\/div>\n\n\n\n<div class=\"wp-block-qubely-column qubely-column qubely-column-front qubely-block-9f92f5\"><div class=\"qubely-column-inner\">\n<div class=\"wp-block-qubely-image qubely-block-c55631\"><div class=\"qubely-block-image  qubely-image-layout-simple\"><div class=\"qubely-image-media qubely-vertical-alignment-center qubely-horizontal-alignment-center\"><figure><div class=\"qubely-image-container\"><img decoding=\"async\" class=\"qubely-image-image\" src=\"http:\/\/10.0.1.76\/wp_layoutpack\/wp-content\/uploads\/2019\/10\/header-8-2.jpg\" alt=\"\"\/><\/div><\/figure><\/div><\/div><\/div>\n<\/div><\/div>\n\n\n\n<div class=\"wp-block-qubely-column qubely-column qubely-column-front qubely-block-032196\"><div class=\"qubely-column-inner\">\n<div class=\"wp-block-qubely-image qubely-block-814639\"><div class=\"qubely-block-image  qubely-image-layout-simple\"><div class=\"qubely-image-media qubely-vertical-alignment-center qubely-horizontal-alignment-center\"><figure><div class=\"qubely-image-container\"><img decoding=\"async\" class=\"qubely-image-image\" src=\"http:\/\/10.0.1.76\/wp_layoutpack\/wp-content\/uploads\/2019\/10\/header-8-3.jpg\" alt=\"\"\/><\/div><\/figure><\/div><\/div><\/div>\n<\/div><\/div>\n<\/div><\/div><\/div>\n<\/div><\/div>\n<\/div><\/div><\/div>\n\n\n\n<div class=\"wp-block-qubely-row alignfull qubely-section qubely-block-8f9164\"><div class=\"qubely-row-overlay\"><\/div><div class=\"qubely-container\"><div class=\"qubely-row \">\n<div class=\"wp-block-qubely-column qubely-column qubely-column-front qubely-block-9116ab\"><div class=\"qubely-column-inner\">\n<div class=\"wp-block-qubely-text qubely-block-d14661\"><div class=\"qubely-block-text  \"><div class=\"qubely-block-text-title-container  qubely-separator-position-top\"><div class=\"qubely-block-text-title-inner\"><h3 class=\"qubely-block-text-title\"><strong>Palvelumme<\/strong><\/h3><\/div><\/div><p><\/p><\/div><\/div>\n<\/div><\/div>\n<\/div><\/div><\/div>\n\n\n\n<div class=\"wp-block-qubely-row alignfull qubely-section qubely-block-4bbce9\"><div class=\"qubely-row-overlay\"><\/div><div class=\"qubely-container\"><div class=\"qubely-row \">\n<div class=\"wp-block-qubely-column qubely-column qubely-column-front qubely-block-f902d7\"><div class=\"qubely-column-inner\">\n<div class=\"wp-block-qubely-infobox qubely-block-232840\"><div class=\"qubely-block-info-box  qubely-info-box-layout-2\"><div class=\"qubely-info-box-media qubely-media-has-bg\"><i class=\"qubely-info-box-icon fas fa-laptop\"><\/i><\/div><div class=\"qubely-info-box-body\"><div class=\"qubely-info-box-title-container  qubely-separator-position-top\"><div class=\"qubely-info-box-title-inner\"><h2 class=\"qubely-info-box-title\"><a href=\"https:\/\/tietojakone.com\/?product_cat=tietokoneet\" data-type=\"product_cat\" data-id=\"17\"><strong>Tietokoneet<\/strong><\/a> <\/h2><\/div><\/div><div class=\"qubely-info-box-content\"><div class=\"qubely-info-box-text\">Valmiit ratkaisut ja koneiden kasaus<br>Valikoimistamme l\u00f6yd\u00e4t my\u00f6s tabletit, \u00e4lypuhelimet ja senioripuhelimet<\/div><\/div><\/div><\/div><\/div>\n\n\n\n<div class=\"wp-block-qubely-infobox qubely-block-faf53e\"><div class=\"qubely-block-info-box  qubely-info-box-layout-2\"><div class=\"qubely-info-box-media qubely-media-has-bg\"><i class=\"qubely-info-box-icon fas fa-ad\"><\/i><\/div><div class=\"qubely-info-box-body\"><div class=\"qubely-info-box-title-container  qubely-separator-position-top\"><div class=\"qubely-info-box-title-inner\"><h2 class=\"qubely-info-box-title\"><a href=\"https:\/\/tietojakone.com\/?page_id=86\">Nettisivuratkaisut<\/a><\/h2><\/div><\/div><div class=\"qubely-info-box-content\"><div class=\"qubely-info-box-text\">Nettisivuratkaisut suunnittelusta toteutukseen<\/div><\/div><\/div><\/div><\/div>\n<\/div><\/div>\n\n\n\n<div class=\"wp-block-qubely-column qubely-column qubely-column-front qubely-block-6075d9\"><div class=\"qubely-column-inner\">\n<div class=\"wp-block-qubely-infobox qubely-block-bcbf6d\"><div class=\"qubely-block-info-box  qubely-info-box-layout-2\"><div class=\"qubely-info-box-media qubely-media-has-bg\"><i class=\"qubely-info-box-icon fas fa-mouse-pointer\"><\/i><\/div><div class=\"qubely-info-box-body\"><div class=\"qubely-info-box-title-container  qubely-separator-position-top\"><div class=\"qubely-info-box-title-inner\"><h2 class=\"qubely-info-box-title\"><a href=\"https:\/\/tietojakone.com\/?page_id=229\">Oheislaitteet<\/a><\/h2><\/div><\/div><div class=\"qubely-info-box-content\"><div class=\"qubely-info-box-text\">Hiiret, n\u00e4pp\u00e4imist\u00f6t, kuulokkeet, tulostimet, muut oheislaitteet ja tarvikkeet<br><\/div><\/div><\/div><\/div><\/div>\n\n\n\n<div class=\"wp-block-qubely-infobox qubely-block-b7bff8\"><div class=\"qubely-block-info-box  qubely-info-box-layout-2\"><div class=\"qubely-info-box-media qubely-media-has-bg\"><i class=\"qubely-info-box-icon fas fa-chalkboard-teacher\"><\/i><\/div><div class=\"qubely-info-box-body\"><div class=\"qubely-info-box-title-container  qubely-separator-position-top\"><div class=\"qubely-info-box-title-inner\"><h2 class=\"qubely-info-box-title\"><a href=\"https:\/\/tietojakone.com\/?page_id=69\">Infon\u00e4yt\u00f6t<\/a><\/h2><\/div><\/div><div class=\"qubely-info-box-content\"><div class=\"qubely-info-box-text\">&nbsp;Leasing infon\u00e4ytt\u00f6ratkaisut<\/div><\/div><\/div><\/div><\/div>\n\n\n\n<div class=\"wp-block-qubely-infobox qubely-block-a6f167\"><div class=\"qubely-block-info-box  qubely-info-box-layout-2\"><div class=\"qubely-info-box-media qubely-media-has-bg\"><i class=\"qubely-info-box-icon fas fa-map\"><\/i><\/div><div class=\"qubely-info-box-body\"><div class=\"qubely-info-box-title-container  qubely-separator-position-top\"><div class=\"qubely-info-box-title-inner\"><h2 class=\"qubely-info-box-title\"><a href=\"https:\/\/tietojakone.com\/?page_id=138\">Rakennuspiirustukset<\/a><\/h2><\/div><\/div><div class=\"qubely-info-box-content\"><div class=\"qubely-info-box-text\">Rakennuspiirrustusten tulostus-, kopiointi- ja skannauspalvelut&nbsp;<\/div><\/div><\/div><\/div><\/div>\n<\/div><\/div>\n\n\n\n<div class=\"wp-block-qubely-column qubely-column qubely-column-front qubely-block-0f8c1c\"><div class=\"qubely-column-inner\">\n<div class=\"wp-block-qubely-infobox qubely-block-75df4b\"><div class=\"qubely-block-info-box  qubely-info-box-layout-2\"><div class=\"qubely-info-box-media qubely-media-has-bg\"><i class=\"qubely-info-box-icon fas fa-tools\"><\/i><\/div><div class=\"qubely-info-box-body\"><div class=\"qubely-info-box-title-container  qubely-separator-position-top\"><div class=\"qubely-info-box-title-inner\"><h2 class=\"qubely-info-box-title\"><a href=\"https:\/\/tietojakone.com\/?page_id=64\">Huolto<\/a><\/h2><\/div><\/div><div class=\"qubely-info-box-content\"><div class=\"qubely-info-box-text\">Huollamme tietokoneet, tabletit, puhelimet ja muut oheislaitteet<\/div><\/div><\/div><\/div><\/div>\n\n\n\n<div class=\"wp-block-qubely-infobox qubely-block-a31d21\"><div class=\"qubely-block-info-box  qubely-info-box-layout-2\"><div class=\"qubely-info-box-media qubely-media-has-bg\"><i class=\"qubely-info-box-icon fas fa-eraser\"><\/i><\/div><div class=\"qubely-info-box-body\"><div class=\"qubely-info-box-title-container  qubely-separator-position-top\"><div class=\"qubely-info-box-title-inner\"><h2 class=\"qubely-info-box-title\"><a href=\"https:\/\/tietojakone.com\/?page_id=71\">Toimistotarvikkeet<\/a><\/h2><\/div><\/div><div class=\"qubely-info-box-content\"><div class=\"qubely-info-box-text\">Valikoimassa yli 15 000 tuotetta<\/div><\/div><\/div><\/div><\/div>\n<\/div><\/div>\n<\/div><\/div><\/div>\n\n\n\n<div class=\"wp-block-qubely-row alignfull qubely-section qubely-block-a9d53e\"><div class=\"qubely-row-overlay\"><\/div><div class=\"qubely-container\"><div class=\"qubely-row \">\n<div class=\"wp-block-qubely-column qubely-column qubely-column-front qubely-block-7b809a\"><div class=\"qubely-column-inner\">\n<div class=\"wp-block-qubely-image qubely-block-c54867\"><div class=\"qubely-block-image  qubely-image-layout-simple\"><div class=\"qubely-image-media qubely-vertical-alignment-center qubely-horizontal-alignment-center\"><figure><div class=\"qubely-image-container\"><img decoding=\"async\" class=\"qubely-image-image\" src=\"https:\/\/tietojakone.com\/wp-content\/uploads\/2021\/09\/lenovo-v15-15.6_479e-1.png\" alt=\"\"\/><\/div><\/figure><\/div><\/div><\/div>\n<\/div><\/div>\n\n\n\n<div class=\"wp-block-qubely-column qubely-column qubely-column-front qubely-block-7408e7\"><div class=\"qubely-column-inner\">\n<div class=\"wp-block-qubely-heading qubely-block-18624b\" id=\"3-turvatuotteet\"><div class=\"qubely-block-heading  \"><div class=\"qubely-heading-container\"><h2 class=\"qubely-heading-selector\">LENOVO V15, 15,6&#8243;<\/h2><\/div><\/div><\/div>\n\n\n\n<div class=\"wp-block-qubely-heading qubely-block-478a36\" id=\"4-kangasmaskit-omalla-logolla\"><div class=\"qubely-block-heading  \"><div class=\"qubely-heading-container\"><h2 class=\"qubely-heading-selector\">Luotettava toimistoapulainen<\/h2><\/div><\/div><\/div>\n\n\n\n<div class=\"wp-block-qubely-text qubely-block-728b89\"><div class=\"qubely-block-text  \"><p>Vain <strong><span style=\"color: var(--qubely-color-5);\" data=\"var(--qubely-color-5)\" class=\"qubely-text-has-color\">479\u20ac<\/span><\/strong><\/p><\/div><\/div>\n\n\n\n<div class=\"wp-block-qubely-button qubely-block-032cc2\"><div class=\"qubely-block-btn-wrapper \"><div class=\"qubely-block-btn\"><a class=\"qubely-block-btn-anchor is-large\" href=\" https:\/\/tietojakone.com\/?product=lenovo-v15-156\">Katso lis\u00e4\u00e4<\/a><\/div><\/div><\/div>\n\n\n\n<p><\/p>\n<\/div><\/div>\n<\/div><\/div><\/div>\n\n\n\n<div class=\"wp-block-qubely-row alignfull qubely-section qubely-block-433b05\"><div class=\"qubely-row-overlay\"><\/div><div class=\"qubely-container\"><div class=\"qubely-row \">\n<div class=\"wp-block-qubely-column qubely-column qubely-column-front qubely-block-f7af89\"><div class=\"qubely-column-inner\">\n<div class=\"wp-block-qubely-heading qubely-block-6ec940\" id=\"3-turvatuotteet\"><div class=\"qubely-block-heading  \"><div class=\"qubely-heading-container\"><h2 class=\"qubely-heading-selector\">Mainos-ja info-n\u00e4ytt\u00f6ratkaisut<\/h2><\/div><\/div><\/div>\n\n\n\n<div class=\"wp-block-qubely-heading qubely-block-0b0806\" id=\"4-kangasmaskit-omalla-logolla\"><div class=\"qubely-block-heading  \"><div class=\"qubely-heading-container\"><h2 class=\"qubely-heading-selector\">\u00c4lyk\u00e4st\u00e4 mainontaa<\/h2><\/div><\/div><\/div>\n\n\n\n<div class=\"wp-block-qubely-button qubely-block-7e826f\"><div class=\"qubely-block-btn-wrapper \"><div class=\"qubely-block-btn\"><a class=\"qubely-block-btn-anchor is-custom\" href=\"https:\/\/tietojakone.com\/?page_id=69\">Katso lis\u00e4\u00e4<\/a><\/div><\/div><\/div>\n<\/div><\/div>\n\n\n\n<div class=\"wp-block-qubely-column qubely-column qubely-column-front qubely-block-9fa31f\"><div class=\"qubely-column-inner\">\n<figure class=\"wp-block-image size-full is-resized\"><img loading=\"lazy\" decoding=\"async\" src=\"https:\/\/tietojakone.com\/wp-content\/uploads\/2021\/09\/02_Samsung55UE55AU9005KXXC_black.png\" alt=\"\" class=\"wp-image-301\" width=\"400\" height=\"400\" srcset=\"https:\/\/tietojakone.com\/wp-content\/uploads\/2021\/09\/02_Samsung55UE55AU9005KXXC_black.png 500w, https:\/\/tietojakone.com\/wp-content\/uploads\/2021\/09\/02_Samsung55UE55AU9005KXXC_black-300x300.png 300w, https:\/\/tietojakone.com\/wp-content\/uploads\/2021\/09\/02_Samsung55UE55AU9005KXXC_black-150x150.png 150w, https:\/\/tietojakone.com\/wp-content\/uploads\/2021\/09\/02_Samsung55UE55AU9005KXXC_black-100x100.png 100w\" sizes=\"auto, (max-width: 400px) 100vw, 400px\" \/><\/figure>\n<\/div><\/div>\n<\/div><\/div><\/div>\n\n\n\n<div class=\"wp-block-qubely-row alignfull qubely-section qubely-block-413342\"><div class=\"qubely-row-overlay\"><\/div><div class=\"qubely-container-fluid\"><div class=\"qubely-row \">\n<div class=\"wp-block-qubely-column qubely-column qubely-column-front qubely-block-13d748\"><div class=\"qubely-column-inner\">\n<div class=\"wp-block-qubely-row qubely-section qubely-block-8afe7e qubely-section-parallax\"><div class=\"qubely-row-overlay\"><\/div><div class=\"qubely-container-fluid\"><div class=\"qubely-row \">\n<div class=\"wp-block-qubely-column qubely-column qubely-column-front qubely-block-da663e\"><div class=\"qubely-column-inner\">\n<div class=\"wp-block-qubely-heading qubely-block-06d40d\" id=\"7-ota-yhteytt%C3%A4\"><div class=\"qubely-block-heading  qubely-has-separator qubely-separator-position-bottom\"><div class=\"qubely-heading-container\"><h3 class=\"qubely-heading-selector\">Ota yhteytt\u00e4!<\/h3><div class=\"qubely-separator qubely-separator-after\"><span class=\"qubely-separator-type-css qubely-separator-solid\"><\/span><\/div><\/div><\/div><\/div>\n\n\n\n<div class=\"wp-block-qubely-text qubely-block-fa8187\"><div class=\"qubely-block-text  \"><p><\/p><\/div><\/div>\n\n\n\n<div class=\"wp-block-qubely-infobox qubely-block-cbfbfa\"><div class=\"qubely-block-info-box  qubely-info-box-layout-2\"><div class=\"qubely-info-box-media qubely-media-has-bg\"><i class=\"qubely-info-box-icon fas fa-phone\"><\/i><\/div><div class=\"qubely-info-box-body\"><div class=\"qubely-info-box-title-container  qubely-separator-position-top\"><div class=\"qubely-info-box-title-inner\"><h2 class=\"qubely-info-box-title\">010 2018 999<\/h2><\/div><\/div><\/div><\/div><\/div>\n\n\n\n<div class=\"wp-block-qubely-infobox qubely-block-b5316a\"><div class=\"qubely-block-info-box  qubely-info-box-layout-2\"><div class=\"qubely-info-box-media qubely-media-has-bg\"><i class=\"qubely-info-box-icon fas fa-envelope\"><\/i><\/div><div class=\"qubely-info-box-body\"><div class=\"qubely-info-box-title-container  qubely-separator-position-top\"><div class=\"qubely-info-box-title-inner\"><h2 class=\"qubely-info-box-title\">jarkko.pitkanen@tietojakone.com<br>huolto@tietojakone.com<\/h2><\/div><\/div><\/div><\/div><\/div>\n\n\n\n<div class=\"wp-block-qubely-infobox qubely-block-cac4b1\"><div class=\"qubely-block-info-box  qubely-info-box-layout-2\"><div class=\"qubely-info-box-media qubely-media-has-bg\"><i class=\"qubely-info-box-icon fas fa-map-marker-alt\"><\/i><\/div><div class=\"qubely-info-box-body\"><div class=\"qubely-info-box-title-container  qubely-separator-position-top\"><div class=\"qubely-info-box-title-inner\"><h2 class=\"qubely-info-box-title\">Julkulantie 4, 71800 Siilinj\u00e4rvi<\/h2><\/div><\/div><\/div><\/div><\/div>\n\n\n\n<div class=\"wp-block-qubely-infobox qubely-block-fb0db9\"><div class=\"qubely-block-info-box  qubely-info-box-layout-2\"><div class=\"qubely-info-box-media qubely-media-has-bg\"><i class=\"qubely-info-box-icon fas fa-clock\"><\/i><\/div><div class=\"qubely-info-box-body\"><div class=\"qubely-info-box-title-container  qubely-separator-position-top\"><div class=\"qubely-info-box-title-inner\"><h2 class=\"qubely-info-box-title\">Ma-Pe 9-16:30<\/h2><\/div><\/div><\/div><\/div><\/div>\n<\/div><\/div>\n<\/div><\/div><\/div>\n<\/div><\/div>\n\n\n\n<div class=\"wp-block-qubely-column qubely-column qubely-column-front qubely-block-61b700\"><div class=\"qubely-column-inner\">\n<div class=\"wp-block-qubely-form qubely-block-941c4f\"><div class=\"qubely-block-form  qubely-layout-classic\"><form class=\"qubely-form is-custom\">\n\n<div class=\"wp-block-qubely-form-row qubely-block-b495df\"><div class=\"qubely-form-row qubely-frontend\">\n\n<div class=\"wp-block-qubely-form-column qubely-block-bf593a qubely-form-field-front qubely-custom\"><div class=\"qubely-form-column\">\n\n<div class=\"wp-block-qubely-formfield-text qubely-block-26b48e\"><div class=\"qubely-form-field-wrapper label-alignment-top\"><label class=\"qubely-form-label\" for=\"26b48e\"><div class=\"qubely-form-field-label\">Nimi<\/div><span class=\"qubely-from-field-required-sign\">*<\/span><\/label><input class=\"qubely-form-field qubely-form-text\" type=\"text\" id=\"26b48e\" name=\"qubely-form-input[name-1*]\" placeholder=\"Kirjoita nimesi\" required\/><\/div><\/div>\n\n<\/div><\/div>\n\n<\/div><\/div>\n\n\n<div class=\"wp-block-qubely-form-row qubely-block-b081ae\"><div class=\"qubely-form-row qubely-frontend\">\n\n<div class=\"wp-block-qubely-form-column qubely-block-edc62e qubely-form-field-front qubely-custom\"><div class=\"qubely-form-column\">\n\n<div class=\"wp-block-qubely-formfield-email qubely-block-b37eb1\"><div class=\"qubely-form-field-wrapper label-alignment-top\"><label class=\"qubely-form-label\" for=\"b37eb1\"><div class=\"qubely-form-field-label\">S\u00e4hk\u00f6posti<\/div><span class=\"qubely-from-field-required-sign\">*<\/span><\/label><input class=\"qubely-form-field qubely-form-email\" type=\"email\" placeholder=\"Kirjoita s\u00e4hk\u00f6postiosoitteesi\" required id=\"b37eb1\" name=\"qubely-form-input[email-1*]\"\/><\/div><\/div>\n\n<\/div><\/div>\n\n<\/div><\/div>\n\n\n<div class=\"wp-block-qubely-form-row qubely-block-379afe\"><div class=\"qubely-form-row qubely-frontend\">\n\n<div class=\"wp-block-qubely-form-column qubely-block-ca579a qubely-form-field-front qubely-large\"><div class=\"qubely-form-column\">\n\n<div class=\"wp-block-qubely-formfield-textarea qubely-block-0d3244\"><div class=\"qubely-form-field-wrapper label-alignment-top\"><label class=\"qubely-form-label\" for=\"0d3244\"><div class=\"qubely-form-field-label\">Viesti<\/div><\/label><textarea class=\"qubely-form-field qubely-form-textarea\" placeholder=\"Kirjoita viestisi\" id=\"0d3244\" name=\"qubely-form-input[textarea-1]\"><\/textarea><\/div><\/div>\n\n<\/div><\/div>\n\n<\/div><\/div>\n\n<div class=\"qubely-form qubely-google-recaptcha\"><\/div><div class=\"qubely-form-button\"><div class=\"qubely-block-btn-wrapper\"><div class=\"qubely-block-btn\"><button class=\"qubely-block-btn-anchor is-custom\" type=\"submit\" role=\"button\">L\u00e4het\u00e4<\/button><\/div><\/div><input type=\"hidden\" name=\"field-error-message\" value=\"VOR5dOQgdmFhZGl0dXQga2VudOR0\"\/><input type=\"hidden\" name=\"form-success-message\" value=\"S2lpdG9zIG1pZWxlbmtpaW5ub3N0YXNpIQ==\"\/><input type=\"hidden\" name=\"form-error-message\" value=\"SG1tLi4udmllc3RpbiB0b2ltaXR1cyBlaSBvbm5pc3R1bnV0LiBPbGUgaHl25CBqYSB5cml05CB1dWRlbGxlZW4u\"\/><input type=\"hidden\" name=\"recaptcha\" value=\"true\"\/><input type=\"hidden\" name=\"recaptcha-site-key\" value=\"6Le33VUcAAAAAMsIjLYsxnxMi_zC2uxNazNIhXcl\"\/><input type=\"hidden\" name=\"recaptcha-secret-key\" value=\"6Le33VUcAAAAAHOLoA_nVKIjwCBEA7zWh53ZeWF1\"\/><input type=\"hidden\" name=\"email-receiver\" value=\"amFya2tvQHRpZXRvamFrb25lLmNvbQ==\"\/><input type=\"hidden\" name=\"email-headers\" value=\"UmVwbHktVG86IHt7ZW1haWwtMX19ClJlcGx5LW5hbWU6IHt7bmFtZS0xfX0K\"\/><input type=\"hidden\" name=\"email-from\" value=\"d2ViQHNhdm9wcmludC5maQ==\"\/><input type=\"hidden\" name=\"email-subject\" value=\"WWh0ZXlkZW5vdHRvIHB5eW509g==\"\/><input type=\"hidden\" name=\"email-body\" value=\"PHA+PHN0cm9uZz5M5GhldHTkauQ6PC9zdHJvbmc+IHt7bmFtZS0xfX08L3A+Cgo8c3Ryb25nPlPkaGv2cG9zdGk6PC9zdHJvbmc+IHt7ZW1haWwtMX19PC9wPgoKPHA+PHN0cm9uZz5WaWVzdGk6PC9zdHJvbmc+IHt7dGV4dGFyZWEtMX19PC9wPg==\"\/><\/div><div class=\"qubely-form-message\"><\/div><\/form><\/div><\/div>\n\n\n\n<div class=\"wp-block-qubely-heading qubely-block-557d0e\" id=\"9-voit-l%C3%A4hett%C3%A4%C3%A4-my%C3%B6s-s%C3%A4hk%C3%B6postia-osoitteeseen---jarkkosavoprintfi--\"><div class=\"qubely-block-heading  \"><div class=\"qubely-heading-container\"><h2 class=\"qubely-heading-selector\"><\/h2><\/div><\/div><\/div>\n<\/div><\/div>\n<\/div><\/div><\/div>\n\n\n\n<div class=\"wp-block-qubely-row qubely-section qubely-block-8fb4fc\"><div class=\"qubely-row-overlay\"><\/div><div class=\"qubely-container\"><div class=\"qubely-row \">\n<div class=\"wp-block-qubely-column qubely-column qubely-column-front qubely-block-d753e1\"><div class=\"qubely-column-inner\"><\/div><\/div>\n<\/div><\/div><\/div>\n","protected":false},"excerpt":{"rendered":"","protected":false},"author":1,"featured_media":0,"parent":0,"menu_order":0,"comment_status":"closed","ping_status":"closed","template":"qubely_full_width","meta":{"qubely_global_settings":"","qubely_interactions":"","footnotes":""},"class_list":["post-11","page","type-page","status-publish","hentry"],"_links":{"self":[{"href":"https:\/\/tietojakone.com\/index.php?rest_route=\/wp\/v2\/pages\/11","targetHints":{"allow":["GET"]}}],"collection":[{"href":"https:\/\/tietojakone.com\/index.php?rest_route=\/wp\/v2\/pages"}],"about":[{"href":"https:\/\/tietojakone.com\/index.php?rest_route=\/wp\/v2\/types\/page"}],"author":[{"embeddable":true,"href":"https:\/\/tietojakone.com\/index.php?rest_route=\/wp\/v2\/users\/1"}],"replies":[{"embeddable":true,"href":"https:\/\/tietojakone.com\/index.php?rest_route=%2Fwp%2Fv2%2Fcomments&post=11"}],"version-history":[{"count":44,"href":"https:\/\/tietojakone.com\/index.php?rest_route=\/wp\/v2\/pages\/11\/revisions"}],"predecessor-version":[{"id":393,"href":"https:\/\/tietojakone.com\/index.php?rest_route=\/wp\/v2\/pages\/11\/revisions\/393"}],"wp:attachment":[{"href":"https:\/\/tietojakone.com\/index.php?rest_route=%2Fwp%2Fv2%2Fmedia&parent=11"}],"curies":[{"name":"wp","href":"https:\/\/api.w.org\/{rel}","templated":true}]}}