{"id":162,"date":"2021-09-09T13:32:45","date_gmt":"2021-09-09T13:32:45","guid":{"rendered":"https:\/\/stage.tietojakone.com\/?page_id=162"},"modified":"2021-09-24T11:20:51","modified_gmt":"2021-09-24T11:20:51","slug":"tieto-ja-kone-etatuki","status":"publish","type":"page","link":"https:\/\/tietojakone.com\/?page_id=162","title":{"rendered":"Et\u00e4tuki"},"content":{"rendered":"\n<p class=\"has-vivid-cyan-blue-color has-text-color has-medium-font-size\"><strong>Et\u00e4tuki<\/strong><\/p>\n\n\n\n<p>Palveluihimme kuuluu my\u00f6s ICT-et\u00e4tuki.<br>Olethan yhteydess\u00e4 ensin meihin ja lataa sitten oheisesta linkist\u00e4 TiKo Et\u00e4tuki ja TiKo-Host-sovellus.<\/p>\n\n\n\n<div class=\"wp-block-columns is-layout-flex wp-container-core-columns-is-layout-9d6595d7 wp-block-columns-is-layout-flex\">\n<div class=\"wp-block-column is-layout-flow wp-block-column-is-layout-flow\" style=\"flex-basis:50%\">\n<div class=\"wp-block-qubely-button alignwide qubely-block-e9b31b\"><div class=\"qubely-block-btn-wrapper \"><div class=\"qubely-block-btn\"><a class=\"qubely-block-btn-anchor is-medium\" href=\"https:\/\/tietojakone.com\/data\/documents\/Tikotuki.exe\">LATAA TIKOTUKI T\u00c4ST\u00c4<\/a><\/div><\/div><\/div>\n<\/div>\n\n\n\n<div class=\"wp-block-column is-layout-flow wp-block-column-is-layout-flow\" style=\"flex-basis:50%\">\n<div class=\"wp-block-qubely-button qubely-block-0f2f20\"><div class=\"qubely-block-btn-wrapper \"><div class=\"qubely-block-btn\"><a class=\"qubely-block-btn-anchor is-medium\" href=\"https:\/\/tietojakone.com\/data\/documents\/TikotukiHost.exe\">LATAA TIKO-HOST T\u00c4ST\u00c4<\/a><\/div><\/div><\/div>\n<\/div>\n<\/div>\n","protected":false},"excerpt":{"rendered":"<p>Et\u00e4tuki Palveluihimme kuuluu my\u00f6s ICT-et\u00e4tuki.Olethan yhteydess\u00e4 ensin meihin ja lataa sitten oheisesta linkist\u00e4 TiKo Et\u00e4tuki ja TiKo-Host-sovellus.<\/p>\n","protected":false},"author":1,"featured_media":0,"parent":0,"menu_order":0,"comment_status":"closed","ping_status":"closed","template":"","meta":{"qubely_global_settings":"","qubely_interactions":"","footnotes":""},"class_list":["post-162","page","type-page","status-publish","hentry"],"_links":{"self":[{"href":"https:\/\/tietojakone.com\/index.php?rest_route=\/wp\/v2\/pages\/162","targetHints":{"allow":["GET"]}}],"collection":[{"href":"https:\/\/tietojakone.com\/index.php?rest_route=\/wp\/v2\/pages"}],"about":[{"href":"https:\/\/tietojakone.com\/index.php?rest_route=\/wp\/v2\/types\/page"}],"author":[{"embeddable":true,"href":"https:\/\/tietojakone.com\/index.php?rest_route=\/wp\/v2\/users\/1"}],"replies":[{"embeddable":true,"href":"https:\/\/tietojakone.com\/index.php?rest_route=%2Fwp%2Fv2%2Fcomments&post=162"}],"version-history":[{"count":14,"href":"https:\/\/tietojakone.com\/index.php?rest_route=\/wp\/v2\/pages\/162\/revisions"}],"predecessor-version":[{"id":328,"href":"https:\/\/tietojakone.com\/index.php?rest_route=\/wp\/v2\/pages\/162\/revisions\/328"}],"wp:attachment":[{"href":"https:\/\/tietojakone.com\/index.php?rest_route=%2Fwp%2Fv2%2Fmedia&parent=162"}],"curies":[{"name":"wp","href":"https:\/\/api.w.org\/{rel}","templated":true}]}}