{"id":229,"date":"2021-09-13T11:04:47","date_gmt":"2021-09-13T11:04:47","guid":{"rendered":"https:\/\/stage.tietojakone.com\/?page_id=229"},"modified":"2021-09-13T12:43:56","modified_gmt":"2021-09-13T12:43:56","slug":"oheislaitteet","status":"publish","type":"page","link":"https:\/\/tietojakone.com\/?page_id=229","title":{"rendered":"Oheislaitteet"},"content":{"rendered":"\n<p class=\"has-vivid-cyan-blue-color has-text-color has-medium-font-size\"><strong>Oheislaitteet ja muu elektroniikka<\/strong><\/p>\n\n\n\n<p>Valikoimiimme kuuluu tietokoneiden lis\u00e4ksi lukuisat muut oheislaitteet ja elektroniikka, kuten esimerkiksi:<\/p>\n\n\n\n<div class=\"wp-block-columns is-layout-flex wp-container-core-columns-is-layout-9d6595d7 wp-block-columns-is-layout-flex\">\n<div class=\"wp-block-column is-layout-flow wp-block-column-is-layout-flow\" style=\"flex-basis:50%\">\n<div class=\"wp-block-qubely-advancedlist qubely-block-06fbc9\"><div class=\"qubely-block-advanced-list  qubely-alignment-left\"><ul class=\"qubely-list qubely-list-type-unordered qubely-list-bullet-check-circle-outline\"><li>Hiiret ja n\u00e4pp\u00e4imist\u00f6t<\/li><li>N\u00e4yt\u00f6t<\/li><li>Komponentit<\/li><li>Akut<\/li><li>Ulkoiset kovalevyt<\/li><li>Kuulokkeet ja handsfreet<\/li><li>H\u00e4lytysj\u00e4rjestelm\u00e4t ja valvontakamerat<\/li><\/ul><\/div><\/div>\n<\/div>\n\n\n\n<div class=\"wp-block-column is-layout-flow wp-block-column-is-layout-flow\" style=\"flex-basis:50%\">\n<div class=\"wp-block-qubely-advancedlist qubely-block-bbf55d\"><div class=\"qubely-block-advanced-list  qubely-alignment-left\"><ul class=\"qubely-list qubely-list-type-unordered qubely-list-bullet-check-circle-outline\"><li>Tulostimet ja musteet<\/li><li>Televisiot<\/li><li>Tabletit<\/li><li>\u00c4lypuhelimet ja senioripuhelimet<\/li><li>Panssarilasit\/suojakalvot ja kuoret<\/li><li>Johdot ja piuhat joka tarpeeseen<\/li><li>Virustentorjuntaohjelma &#8211; F-Secure<\/li><\/ul><\/div><\/div>\n<\/div>\n<\/div>\n\n\n\n<p>Suoraan hyllyst\u00e4 l\u00f6ytyy paljon erilaisia tuotteita ja tilaamme asiakkaan tarpeen mukaan tarvittavat tuotteet, jotka saapuvat parissa p\u00e4iv\u00e4ss\u00e4 tilauksesta.<\/p>\n","protected":false},"excerpt":{"rendered":"<p>Oheislaitteet ja muu elektroniikka Valikoimiimme kuuluu tietokoneiden lis\u00e4ksi lukuisat muut oheislaitteet ja elektroniikka, kuten esimerkiksi: Suoraan hyllyst\u00e4 l\u00f6ytyy paljon erilaisia tuotteita ja tilaamme asiakkaan tarpeen&hellip;<\/p>\n","protected":false},"author":1,"featured_media":0,"parent":0,"menu_order":0,"comment_status":"closed","ping_status":"closed","template":"","meta":{"qubely_global_settings":"","qubely_interactions":"","footnotes":""},"class_list":["post-229","page","type-page","status-publish","hentry"],"_links":{"self":[{"href":"https:\/\/tietojakone.com\/index.php?rest_route=\/wp\/v2\/pages\/229","targetHints":{"allow":["GET"]}}],"collection":[{"href":"https:\/\/tietojakone.com\/index.php?rest_route=\/wp\/v2\/pages"}],"about":[{"href":"https:\/\/tietojakone.com\/index.php?rest_route=\/wp\/v2\/types\/page"}],"author":[{"embeddable":true,"href":"https:\/\/tietojakone.com\/index.php?rest_route=\/wp\/v2\/users\/1"}],"replies":[{"embeddable":true,"href":"https:\/\/tietojakone.com\/index.php?rest_route=%2Fwp%2Fv2%2Fcomments&post=229"}],"version-history":[{"count":16,"href":"https:\/\/tietojakone.com\/index.php?rest_route=\/wp\/v2\/pages\/229\/revisions"}],"predecessor-version":[{"id":274,"href":"https:\/\/tietojakone.com\/index.php?rest_route=\/wp\/v2\/pages\/229\/revisions\/274"}],"wp:attachment":[{"href":"https:\/\/tietojakone.com\/index.php?rest_route=%2Fwp%2Fv2%2Fmedia&parent=229"}],"curies":[{"name":"wp","href":"https:\/\/api.w.org\/{rel}","templated":true}]}}