{"id":346,"date":"2021-10-25T11:43:34","date_gmt":"2021-10-25T11:43:34","guid":{"rendered":"https:\/\/tietojakone.com\/?page_id=346"},"modified":"2021-10-25T11:43:35","modified_gmt":"2021-10-25T11:43:35","slug":"valvontakamerat","status":"publish","type":"page","link":"https:\/\/tietojakone.com\/?page_id=346","title":{"rendered":"Valvontakamerat"},"content":{"rendered":"\n<div class=\"wp-block-columns is-layout-flex wp-container-core-columns-is-layout-9d6595d7 wp-block-columns-is-layout-flex\">\n<div class=\"wp-block-column is-layout-flow wp-block-column-is-layout-flow\" style=\"flex-basis:50%\">\n<p class=\"has-vivid-cyan-blue-color has-text-color has-medium-font-size\"><strong>Valvontakamerat<\/strong><\/p>\n\n\n\n<p>Valikoimistamme l\u00f6yd\u00e4t my\u00f6s Reolink valvontakamerat.<\/p>\n<\/div>\n\n\n\n<div class=\"wp-block-column is-layout-flow wp-block-column-is-layout-flow\" style=\"flex-basis:50%\">\n<figure class=\"wp-block-image size-large is-resized\"><img loading=\"lazy\" decoding=\"async\" src=\"https:\/\/tietojakone.com\/wp-content\/uploads\/2021\/10\/90710_1-1024x1024.png\" alt=\"\" class=\"wp-image-347\" width=\"465\" height=\"465\" srcset=\"https:\/\/tietojakone.com\/wp-content\/uploads\/2021\/10\/90710_1-1024x1024.png 1024w, https:\/\/tietojakone.com\/wp-content\/uploads\/2021\/10\/90710_1-300x300.png 300w, https:\/\/tietojakone.com\/wp-content\/uploads\/2021\/10\/90710_1-150x150.png 150w, https:\/\/tietojakone.com\/wp-content\/uploads\/2021\/10\/90710_1-768x768.png 768w, https:\/\/tietojakone.com\/wp-content\/uploads\/2021\/10\/90710_1-1536x1536.png 1536w, https:\/\/tietojakone.com\/wp-content\/uploads\/2021\/10\/90710_1-600x600.png 600w, https:\/\/tietojakone.com\/wp-content\/uploads\/2021\/10\/90710_1-100x100.png 100w, https:\/\/tietojakone.com\/wp-content\/uploads\/2021\/10\/90710_1.png 2000w\" sizes=\"auto, (max-width: 465px) 100vw, 465px\" \/><\/figure>\n<\/div>\n<\/div>\n","protected":false},"excerpt":{"rendered":"<p>Valvontakamerat Valikoimistamme l\u00f6yd\u00e4t my\u00f6s Reolink valvontakamerat.<\/p>\n","protected":false},"author":1,"featured_media":0,"parent":0,"menu_order":0,"comment_status":"closed","ping_status":"closed","template":"","meta":{"qubely_global_settings":"","qubely_interactions":"","footnotes":""},"class_list":["post-346","page","type-page","status-publish","hentry"],"_links":{"self":[{"href":"https:\/\/tietojakone.com\/index.php?rest_route=\/wp\/v2\/pages\/346","targetHints":{"allow":["GET"]}}],"collection":[{"href":"https:\/\/tietojakone.com\/index.php?rest_route=\/wp\/v2\/pages"}],"about":[{"href":"https:\/\/tietojakone.com\/index.php?rest_route=\/wp\/v2\/types\/page"}],"author":[{"embeddable":true,"href":"https:\/\/tietojakone.com\/index.php?rest_route=\/wp\/v2\/users\/1"}],"replies":[{"embeddable":true,"href":"https:\/\/tietojakone.com\/index.php?rest_route=%2Fwp%2Fv2%2Fcomments&post=346"}],"version-history":[{"count":3,"href":"https:\/\/tietojakone.com\/index.php?rest_route=\/wp\/v2\/pages\/346\/revisions"}],"predecessor-version":[{"id":370,"href":"https:\/\/tietojakone.com\/index.php?rest_route=\/wp\/v2\/pages\/346\/revisions\/370"}],"wp:attachment":[{"href":"https:\/\/tietojakone.com\/index.php?rest_route=%2Fwp%2Fv2%2Fmedia&parent=346"}],"curies":[{"name":"wp","href":"https:\/\/api.w.org\/{rel}","templated":true}]}}