{"id":36,"date":"2021-09-08T09:51:05","date_gmt":"2021-09-08T09:51:05","guid":{"rendered":"https:\/\/stage.tietojakone.com\/?page_id=36"},"modified":"2026-01-12T12:57:22","modified_gmt":"2026-01-12T12:57:22","slug":"yhteystiedot","status":"publish","type":"page","link":"https:\/\/tietojakone.com\/?page_id=36","title":{"rendered":"Yhteystiedot"},"content":{"rendered":"\n<div class=\"wp-block-columns is-layout-flex wp-container-core-columns-is-layout-9d6595d7 wp-block-columns-is-layout-flex\">\n<div class=\"wp-block-column is-layout-flow wp-block-column-is-layout-flow\" style=\"flex-basis:33.33%\">\n<p class=\"has-vivid-cyan-blue-color has-text-color has-medium-font-size\"><strong>Yhteystiedot<\/strong><\/p>\n\n\n\n<p>Tieto ja Kone OY<br>Julkulantie 4<br>71800 Siilinj\u00e4rvi<\/p>\n\n\n\n<p><strong>Puhelin:<\/strong><br><strong>Jarkko<\/strong> 010 2018 999<br><strong>Liike<\/strong> 010 2018 997<br><br><strong>S\u00e4hk\u00f6posti:<\/strong><br>jarkko@tietojakone.com<br>huolto@tietojakone.com<br><br><br> <\/p>\n<\/div>\n\n\n\n<div class=\"wp-block-column is-layout-flow wp-block-column-is-layout-flow\" style=\"flex-basis:66.66%\">\n<div class=\"wp-block-qubely-map qubely-block-57a0a8\"><iframe loading=\"lazy\" width=\"100%\" height=\"350px\" src=\"https:\/\/maps.google.com\/maps?q=julkulantie%204&amp;t=&amp;z=16&amp;ie=UTF8&amp;iwloc=&amp;output=embed\" frameborder=\"0\" scrolling=\"no\" marginheight=\"0\" marginwidth=\"0\"><\/iframe><\/div>\n<\/div>\n<\/div>\n\n\n\n<h2 class=\"wp-block-heading has-text-align-center has-vivid-cyan-blue-color has-text-color has-medium-font-size\"><strong>Yhteyshenkil\u00f6t<\/strong><\/h2>\n\n\n\n<div class=\"wp-block-qubely-row alignfull qubely-section qubely-block-3c7c46\"><div class=\"qubely-row-overlay\"><\/div><div class=\"qubely-container\"><div class=\"qubely-row \">\n<div class=\"wp-block-qubely-column qubely-column qubely-column-front qubely-block-8722b8\"><div class=\"qubely-column-inner\">\n<div class=\"wp-block-qubely-row qubely-section qubely-block-bf969d\"><div class=\"qubely-row-overlay\"><\/div><div class=\"qubely-container-fluid\"><div class=\"qubely-row \">\n<div class=\"wp-block-qubely-column qubely-column qubely-column-front qubely-block-efe67c\"><div class=\"qubely-column-inner\">\n<div class=\"wp-block-qubely-team qubely-block-3b0dd2\"><div class=\"qubely-block-team  qubely-team-layout-1\"><div class=\"qubely-team-image-wrapper\"><img decoding=\"async\" class=\"qubely-team-image\" src=\"https:\/\/tietojakone.com\/wp-content\/uploads\/2022\/12\/Jarkko-1.jpeg\" srcset=\"\" alt=\"Jarkko\"\/><\/div><div class=\"qubely-team-content\"><div class=\"qubely-team-content-inner\"><span class=\"qubely-team-name\">Jarkko<\/span><div class=\"qubely-team-designation-container\"><span class=\"qubely-team-designation\">ALALLA VUODESTA <br>1996<\/span><\/div><div class=\"qubely-team-description\">jarkko@tietojakone.com<br>010 2018 999<\/div><\/div><\/div><\/div><\/div>\n<\/div><\/div>\n\n\n\n<div class=\"wp-block-qubely-column qubely-column qubely-column-front qubely-block-37fdaa\"><div class=\"qubely-column-inner\"><\/div><\/div>\n<\/div><\/div><\/div>\n<\/div><\/div>\n<\/div><\/div><\/div>\n\n\n\n<h2 class=\"wp-block-heading has-vivid-cyan-blue-color has-text-color has-medium-font-size\"><strong>Laskutustiedot<\/strong><\/h2>\n\n\n\n<p>K\u00e4ytt\u00e4k\u00e4\u00e4 seuraavia tietoja verkkolaskujen l\u00e4hett\u00e4miseen:<\/p>\n\n\n\n<p>Nimi, yksikk\u00f6&nbsp; Verkkolaskuosoite<\/p>\n\n\n\n<p>(OVT-tunnus) V\u00e4litt\u00e4j\u00e4&nbsp;&nbsp;&nbsp;&nbsp;&nbsp;&nbsp;&nbsp;&nbsp;&nbsp;&nbsp;&nbsp; V\u00e4litt\u00e4j\u00e4n tunnus<\/p>\n\n\n\n<p>Tieto ja Kone OY\u00a0\u00a0\u00a0\u00a0\u00a0\u00a0\u00a0\u00a0\u00a0\u00a0\u00a0\u00a0\u00a0\u00a0\u00a0\u00a0\u00a0\u00a0\u00a0\u00a0\u00a0\u00a0\u00a0\u00a0\u00a0\u00a0 003735254908001\u00a0\u00a0\u00a0\u00a0\u00a0\u00a0\u00a0\u00a0\u00a0\u00a0\u00a0\u00a0\u00a0\u00a0\u00a0\u00a0\u00a0\u00a0\u00a0\u00a0\u00a0 Ropo Capital\u00a0\u00a0\u00a0 003714377140<\/p>\n\n\n\n<p>Y-tunnus: 3525490-8<\/p>\n\n\n\n<p>Emme ota vastaan s\u00e4hk\u00f6postilaskuja emmek\u00e4 paperisia laskuja.<\/p>\n\n\n\n<p>Jos yrityksell\u00e4nne ei ole valmiutta l\u00e4hett\u00e4\u00e4 laskuja s\u00e4hk\u00f6isesti,<\/p>\n\n\n\n<p>Pyyd\u00e4mme Teit\u00e4 k\u00e4ytt\u00e4m\u00e4\u00e4n keskitetty\u00e4 laskutusosoitettamme:<\/p>\n\n\n\n<p>Tieto ja Kone OY<\/p>\n\n\n\n<p>003735254908001<\/p>\n\n\n\n<p>PL 508<\/p>\n\n\n\n<p>02066 DOCUSCAN<\/p>\n\n\n\n<p>Vaadittavat tunnisteet ovat laskun l\u00e4hett\u00e4j\u00e4n nimi, laskun p\u00e4iv\u00e4ys, laskunnumero, viitenumero, laskun summa, er\u00e4p\u00e4iv\u00e4 ja myyj\u00e4n y-tunnus.<\/p>\n\n\n\n<p>T\u00e4m\u00e4 osoite koskee vain meille l\u00e4hetett\u00e4vi\u00e4 ostolaskuja. Muu posti (esim. mainoskirjeet, rahtikirjat) kulkee edelleen entisell\u00e4 osoitteella.<\/p>\n","protected":false},"excerpt":{"rendered":"<p>Yhteystiedot Tieto ja Kone OYJulkulantie 471800 Siilinj\u00e4rvi Puhelin:Jarkko 010 2018 999Liike 010 2018 997 S\u00e4hk\u00f6posti:jarkko@tietojakone.comhuolto@tietojakone.com Yhteyshenkil\u00f6t Laskutustiedot K\u00e4ytt\u00e4k\u00e4\u00e4 seuraavia tietoja verkkolaskujen l\u00e4hett\u00e4miseen: Nimi, yksikk\u00f6&nbsp; Verkkolaskuosoite&hellip;<\/p>\n","protected":false},"author":1,"featured_media":0,"parent":0,"menu_order":0,"comment_status":"closed","ping_status":"closed","template":"","meta":{"qubely_global_settings":"","qubely_interactions":"","footnotes":""},"class_list":["post-36","page","type-page","status-publish","hentry"],"_links":{"self":[{"href":"https:\/\/tietojakone.com\/index.php?rest_route=\/wp\/v2\/pages\/36","targetHints":{"allow":["GET"]}}],"collection":[{"href":"https:\/\/tietojakone.com\/index.php?rest_route=\/wp\/v2\/pages"}],"about":[{"href":"https:\/\/tietojakone.com\/index.php?rest_route=\/wp\/v2\/types\/page"}],"author":[{"embeddable":true,"href":"https:\/\/tietojakone.com\/index.php?rest_route=\/wp\/v2\/users\/1"}],"replies":[{"embeddable":true,"href":"https:\/\/tietojakone.com\/index.php?rest_route=%2Fwp%2Fv2%2Fcomments&post=36"}],"version-history":[{"count":17,"href":"https:\/\/tietojakone.com\/index.php?rest_route=\/wp\/v2\/pages\/36\/revisions"}],"predecessor-version":[{"id":391,"href":"https:\/\/tietojakone.com\/index.php?rest_route=\/wp\/v2\/pages\/36\/revisions\/391"}],"wp:attachment":[{"href":"https:\/\/tietojakone.com\/index.php?rest_route=%2Fwp%2Fv2%2Fmedia&parent=36"}],"curies":[{"name":"wp","href":"https:\/\/api.w.org\/{rel}","templated":true}]}}