{"id":64,"date":"2021-09-13T11:37:07","date_gmt":"2021-09-13T11:37:07","guid":{"rendered":"https:\/\/stage.tietojakone.com\/?page_id=64"},"modified":"2021-09-13T12:38:51","modified_gmt":"2021-09-13T12:38:51","slug":"huolto","status":"publish","type":"page","link":"https:\/\/tietojakone.com\/?page_id=64","title":{"rendered":"Huolto"},"content":{"rendered":"\n<div class=\"wp-block-columns is-layout-flex wp-container-core-columns-is-layout-9d6595d7 wp-block-columns-is-layout-flex\">\n<div class=\"wp-block-column is-layout-flow wp-block-column-is-layout-flow\" style=\"flex-basis:50%\">\n<p class=\"has-vivid-cyan-blue-color has-text-color has-medium-font-size\"><strong>Huolto<\/strong><\/p>\n\n\n\n<p>Huollamme tietokoneesi, tablettisi, puhelimesi, tulostimesi ja muut oheislaitteesi. Voit tuoda koneesi meille tai tilata kotik\u00e4ynnin teknikoltamme.&nbsp;<br>Palveluihimme kuuluu my\u00f6s automaatioasennukset, POS-j\u00e4rjestelmien korjaus ja asennus, virusten ja haittaohjelmien poistot (<strong>Sertifioitu F-Securen j\u00e4lleenmyyj\u00e4<\/strong>), verkkopalvelut ja asennukset, koneiden kasaus esimerkiksi pelik\u00e4ytt\u00f6\u00f6n, ohjelmistojen asennukset, opastus ja tuki, kiinteist\u00f6h\u00e4lyttimet ja niiden asennukset.<br><br>Sertifioidut teknikkomme auttavat mielell\u00e4\u00e4n kaikissa tietotekniikkaa koskevissa kysymyksiss\u00e4.<br><br><strong>Myym\u00e4l\u00e4<\/strong> 050 555 5610<br><strong>Jarkko<\/strong> 050 026 9299<br><strong>Henri <\/strong>050 548 0071<br><br><\/p>\n<\/div>\n\n\n\n<div class=\"wp-block-column is-layout-flow wp-block-column-is-layout-flow\" style=\"flex-basis:50%\">\n<figure class=\"wp-block-image size-large\"><img loading=\"lazy\" decoding=\"async\" width=\"1024\" height=\"683\" src=\"https:\/\/tietojakone.com\/wp-content\/uploads\/2021\/09\/alexandre-debieve-FO7JIlwjOtU-unsplash-1024x683.jpg\" alt=\"\" class=\"wp-image-258\" srcset=\"https:\/\/tietojakone.com\/wp-content\/uploads\/2021\/09\/alexandre-debieve-FO7JIlwjOtU-unsplash-1024x683.jpg 1024w, https:\/\/tietojakone.com\/wp-content\/uploads\/2021\/09\/alexandre-debieve-FO7JIlwjOtU-unsplash-300x200.jpg 300w, https:\/\/tietojakone.com\/wp-content\/uploads\/2021\/09\/alexandre-debieve-FO7JIlwjOtU-unsplash-768x512.jpg 768w, https:\/\/tietojakone.com\/wp-content\/uploads\/2021\/09\/alexandre-debieve-FO7JIlwjOtU-unsplash-1536x1024.jpg 1536w, https:\/\/tietojakone.com\/wp-content\/uploads\/2021\/09\/alexandre-debieve-FO7JIlwjOtU-unsplash-2048x1365.jpg 2048w, https:\/\/tietojakone.com\/wp-content\/uploads\/2021\/09\/alexandre-debieve-FO7JIlwjOtU-unsplash-600x400.jpg 600w\" sizes=\"auto, (max-width: 1024px) 100vw, 1024px\" \/><\/figure>\n<\/div>\n<\/div>\n\n\n\n<p><\/p>\n\n\n\n<p><\/p>\n","protected":false},"excerpt":{"rendered":"<p>Huolto Huollamme tietokoneesi, tablettisi, puhelimesi, tulostimesi ja muut oheislaitteesi. Voit tuoda koneesi meille tai tilata kotik\u00e4ynnin teknikoltamme.&nbsp;Palveluihimme kuuluu my\u00f6s automaatioasennukset, POS-j\u00e4rjestelmien korjaus ja asennus, virusten&hellip;<\/p>\n","protected":false},"author":1,"featured_media":0,"parent":0,"menu_order":0,"comment_status":"closed","ping_status":"closed","template":"","meta":{"qubely_global_settings":"","qubely_interactions":"","footnotes":""},"class_list":["post-64","page","type-page","status-publish","hentry"],"_links":{"self":[{"href":"https:\/\/tietojakone.com\/index.php?rest_route=\/wp\/v2\/pages\/64","targetHints":{"allow":["GET"]}}],"collection":[{"href":"https:\/\/tietojakone.com\/index.php?rest_route=\/wp\/v2\/pages"}],"about":[{"href":"https:\/\/tietojakone.com\/index.php?rest_route=\/wp\/v2\/types\/page"}],"author":[{"embeddable":true,"href":"https:\/\/tietojakone.com\/index.php?rest_route=\/wp\/v2\/users\/1"}],"replies":[{"embeddable":true,"href":"https:\/\/tietojakone.com\/index.php?rest_route=%2Fwp%2Fv2%2Fcomments&post=64"}],"version-history":[{"count":9,"href":"https:\/\/tietojakone.com\/index.php?rest_route=\/wp\/v2\/pages\/64\/revisions"}],"predecessor-version":[{"id":270,"href":"https:\/\/tietojakone.com\/index.php?rest_route=\/wp\/v2\/pages\/64\/revisions\/270"}],"wp:attachment":[{"href":"https:\/\/tietojakone.com\/index.php?rest_route=%2Fwp%2Fv2%2Fmedia&parent=64"}],"curies":[{"name":"wp","href":"https:\/\/api.w.org\/{rel}","templated":true}]}}