{"id":69,"date":"2021-09-09T06:19:13","date_gmt":"2021-09-09T06:19:13","guid":{"rendered":"https:\/\/stage.tietojakone.com\/?page_id=69"},"modified":"2021-09-14T08:28:17","modified_gmt":"2021-09-14T08:28:17","slug":"info-naytot","status":"publish","type":"page","link":"https:\/\/tietojakone.com\/?page_id=69","title":{"rendered":"Infon\u00e4yt\u00f6t"},"content":{"rendered":"\n<div class=\"wp-block-columns is-layout-flex wp-container-core-columns-is-layout-9d6595d7 wp-block-columns-is-layout-flex\">\n<div class=\"wp-block-column is-layout-flow wp-block-column-is-layout-flow\">\n<p class=\"has-vivid-cyan-blue-color has-text-color has-medium-font-size\"><strong>Mainos-ja infon\u00e4ytt\u00f6ratkaisut<\/strong><\/p>\n\n\n\n<p>Toteutamme infon\u00e4ytt\u00f6ratkaisuja LG:n ja Samsungin n\u00e4yt\u00f6ill\u00e4. <br><br>Mahdollisuus hankkia leasing-sopimus, joka kattaa huollon, tietoturvaohjelmiston, mainosmateriaalin suunnittelun tai asiakkaan oman mainostiedoston jaon n\u00e4ytt\u00f6\u00f6n, tiedonsiirron, p\u00e4ivitykset ja nettiyhteyden. <\/p>\n\n\n\n<p><\/p>\n\n\n\n<p class=\"has-vivid-cyan-blue-color has-text-color has-medium-font-size\"><strong><em>Ota yhteytt\u00e4 ja suunnitellaan sinun<\/em><\/strong><br><strong><em>tarpeeseesi sopiva ratkaisu!<\/em><\/strong><\/p>\n\n\n\n<p class=\"has-vivid-cyan-blue-color has-text-color has-medium-font-size\"><\/p>\n<\/div>\n\n\n\n<div class=\"wp-block-column is-vertically-aligned-center is-layout-flow wp-block-column-is-layout-flow\">\n<figure class=\"wp-block-image size-full is-resized\"><img loading=\"lazy\" decoding=\"async\" src=\"https:\/\/tietojakone.com\/wp-content\/uploads\/2021\/09\/ifonaytto.png\" alt=\"\" class=\"wp-image-297\" width=\"345\" height=\"345\" srcset=\"https:\/\/tietojakone.com\/wp-content\/uploads\/2021\/09\/ifonaytto.png 500w, https:\/\/tietojakone.com\/wp-content\/uploads\/2021\/09\/ifonaytto-300x300.png 300w, https:\/\/tietojakone.com\/wp-content\/uploads\/2021\/09\/ifonaytto-150x150.png 150w, https:\/\/tietojakone.com\/wp-content\/uploads\/2021\/09\/ifonaytto-100x100.png 100w\" sizes=\"auto, (max-width: 345px) 100vw, 345px\" \/><\/figure>\n<\/div>\n<\/div>\n\n\n\n<p><\/p>\n","protected":false},"excerpt":{"rendered":"<p>Mainos-ja infon\u00e4ytt\u00f6ratkaisut Toteutamme infon\u00e4ytt\u00f6ratkaisuja LG:n ja Samsungin n\u00e4yt\u00f6ill\u00e4. Mahdollisuus hankkia leasing-sopimus, joka kattaa huollon, tietoturvaohjelmiston, mainosmateriaalin suunnittelun tai asiakkaan oman mainostiedoston jaon n\u00e4ytt\u00f6\u00f6n, tiedonsiirron, p\u00e4ivitykset&hellip;<\/p>\n","protected":false},"author":1,"featured_media":0,"parent":0,"menu_order":0,"comment_status":"closed","ping_status":"closed","template":"","meta":{"qubely_global_settings":"","qubely_interactions":"","footnotes":""},"class_list":["post-69","page","type-page","status-publish","hentry"],"_links":{"self":[{"href":"https:\/\/tietojakone.com\/index.php?rest_route=\/wp\/v2\/pages\/69","targetHints":{"allow":["GET"]}}],"collection":[{"href":"https:\/\/tietojakone.com\/index.php?rest_route=\/wp\/v2\/pages"}],"about":[{"href":"https:\/\/tietojakone.com\/index.php?rest_route=\/wp\/v2\/types\/page"}],"author":[{"embeddable":true,"href":"https:\/\/tietojakone.com\/index.php?rest_route=\/wp\/v2\/users\/1"}],"replies":[{"embeddable":true,"href":"https:\/\/tietojakone.com\/index.php?rest_route=%2Fwp%2Fv2%2Fcomments&post=69"}],"version-history":[{"count":12,"href":"https:\/\/tietojakone.com\/index.php?rest_route=\/wp\/v2\/pages\/69\/revisions"}],"predecessor-version":[{"id":299,"href":"https:\/\/tietojakone.com\/index.php?rest_route=\/wp\/v2\/pages\/69\/revisions\/299"}],"wp:attachment":[{"href":"https:\/\/tietojakone.com\/index.php?rest_route=%2Fwp%2Fv2%2Fmedia&parent=69"}],"curies":[{"name":"wp","href":"https:\/\/api.w.org\/{rel}","templated":true}]}}