{"id":78,"date":"2021-09-08T13:13:37","date_gmt":"2021-09-08T13:13:37","guid":{"rendered":"https:\/\/stage.tietojakone.com\/?page_id=78"},"modified":"2021-09-13T12:38:37","modified_gmt":"2021-09-13T12:38:37","slug":"yritys","status":"publish","type":"page","link":"https:\/\/tietojakone.com\/?page_id=78","title":{"rendered":"Yritys"},"content":{"rendered":"\n<div class=\"wp-block-columns is-layout-flex wp-container-core-columns-is-layout-9d6595d7 wp-block-columns-is-layout-flex\">\n<div class=\"wp-block-column is-layout-flow wp-block-column-is-layout-flow\" style=\"flex-basis:50%\">\n<p class=\"has-vivid-cyan-blue-color has-text-color has-medium-font-size\"><strong>Yritys<\/strong><\/p>\n\n\n\n<p>Yritys on perustettu vuonna 1996. Toiminta oli alkuaikoina ATK-painotteista mets\u00e4alan konsultointia ja karttojen digitaalista k\u00e4sittely\u00e4, mutta heti alusta alkaen mainostoiminta on kuulunut yrityksen toimenkuvaan.<\/p>\n<\/div>\n\n\n\n<div class=\"wp-block-column is-layout-flow wp-block-column-is-layout-flow\" style=\"flex-basis:50%\">\n<div class=\"wp-block-image\"><figure class=\"aligncenter size-large\"><img loading=\"lazy\" decoding=\"async\" width=\"1024\" height=\"768\" src=\"https:\/\/tietojakone.com\/wp-content\/uploads\/2021\/09\/kuva_muokattu-1024x768.jpg\" alt=\"\" class=\"wp-image-265\" srcset=\"https:\/\/tietojakone.com\/wp-content\/uploads\/2021\/09\/kuva_muokattu-1024x768.jpg 1024w, https:\/\/tietojakone.com\/wp-content\/uploads\/2021\/09\/kuva_muokattu-300x225.jpg 300w, https:\/\/tietojakone.com\/wp-content\/uploads\/2021\/09\/kuva_muokattu-768x576.jpg 768w, https:\/\/tietojakone.com\/wp-content\/uploads\/2021\/09\/kuva_muokattu-1536x1152.jpg 1536w, https:\/\/tietojakone.com\/wp-content\/uploads\/2021\/09\/kuva_muokattu-2048x1536.jpg 2048w, https:\/\/tietojakone.com\/wp-content\/uploads\/2021\/09\/kuva_muokattu-600x450.jpg 600w\" sizes=\"auto, (max-width: 1024px) 100vw, 1024px\" \/><\/figure><\/div>\n<\/div>\n<\/div>\n","protected":false},"excerpt":{"rendered":"<p>Yritys Yritys on perustettu vuonna 1996. Toiminta oli alkuaikoina ATK-painotteista mets\u00e4alan konsultointia ja karttojen digitaalista k\u00e4sittely\u00e4, mutta heti alusta alkaen mainostoiminta on kuulunut yrityksen toimenkuvaan.<\/p>\n","protected":false},"author":1,"featured_media":0,"parent":0,"menu_order":0,"comment_status":"closed","ping_status":"closed","template":"","meta":{"qubely_global_settings":"","qubely_interactions":"","footnotes":""},"class_list":["post-78","page","type-page","status-publish","hentry"],"_links":{"self":[{"href":"https:\/\/tietojakone.com\/index.php?rest_route=\/wp\/v2\/pages\/78","targetHints":{"allow":["GET"]}}],"collection":[{"href":"https:\/\/tietojakone.com\/index.php?rest_route=\/wp\/v2\/pages"}],"about":[{"href":"https:\/\/tietojakone.com\/index.php?rest_route=\/wp\/v2\/types\/page"}],"author":[{"embeddable":true,"href":"https:\/\/tietojakone.com\/index.php?rest_route=\/wp\/v2\/users\/1"}],"replies":[{"embeddable":true,"href":"https:\/\/tietojakone.com\/index.php?rest_route=%2Fwp%2Fv2%2Fcomments&post=78"}],"version-history":[{"count":3,"href":"https:\/\/tietojakone.com\/index.php?rest_route=\/wp\/v2\/pages\/78\/revisions"}],"predecessor-version":[{"id":267,"href":"https:\/\/tietojakone.com\/index.php?rest_route=\/wp\/v2\/pages\/78\/revisions\/267"}],"wp:attachment":[{"href":"https:\/\/tietojakone.com\/index.php?rest_route=%2Fwp%2Fv2%2Fmedia&parent=78"}],"curies":[{"name":"wp","href":"https:\/\/api.w.org\/{rel}","templated":true}]}}