{"id":86,"date":"2021-09-09T06:19:42","date_gmt":"2021-09-09T06:19:42","guid":{"rendered":"https:\/\/stage.tietojakone.com\/?page_id=86"},"modified":"2021-09-24T11:22:35","modified_gmt":"2021-09-24T11:22:35","slug":"nettisivuratkaisut","status":"publish","type":"page","link":"https:\/\/tietojakone.com\/?page_id=86","title":{"rendered":"Nettisivuratkaisut"},"content":{"rendered":"\n<div class=\"wp-block-columns is-layout-flex wp-container-core-columns-is-layout-9d6595d7 wp-block-columns-is-layout-flex\">\n<div class=\"wp-block-column is-layout-flow wp-block-column-is-layout-flow\">\n<p class=\"has-vivid-cyan-blue-color has-text-color has-medium-font-size\"><strong>Nettisivuratkaisut<\/strong><\/p>\n\n\n\n<p class=\"has-vivid-cyan-blue-color has-text-color has-normal-font-size\"><em>Meill\u00e4 suunnittelu ja toteutus onnistuvat&nbsp;k\u00e4tev\u00e4sti yhdess\u00e4 paikassa.&nbsp;<\/em><\/p>\n\n\n\n<p class=\"has-normal-font-size\">Kotisivut ovat t\u00e4rke\u00e4 osa yrityksesi n\u00e4kyvyytt\u00e4. Sit\u00e4 kautta asiakkaat yleens\u00e4 ensimm\u00e4isen\u00e4 tutustuvat palveluihisi etsiess\u00e4\u00e4n tietoa yrityksest\u00e4si ja sen tuotteista.<\/p>\n\n\n\n<p>Luomme niin olemassa olevan br\u00e4ndisi mukaiset nettisivut kuin t\u00e4ysin uuden kokonaisuuden yritysilmeest\u00e4 nettisivuihin. <\/p>\n\n\n\n<p>Kauttamme saat webhotellipalvelun ja nettisivujesi p\u00e4ivitykset. <\/p>\n\n\n\n<p>Toteutamme kaikilla laitteilla toimivat responsiiviset sivut, niin pelkistetyt kuin suuremmatkin kokonaisuudet.<\/p>\n\n\n\n<p class=\"has-vivid-cyan-blue-color has-text-color has-medium-font-size\"><em>Ideoidaan yhdess\u00e4 ja toteutetaan sinun tarpeeseesi sopivat sivut!<\/em><\/p>\n<\/div>\n\n\n\n<div class=\"wp-block-column is-layout-flow wp-block-column-is-layout-flow\">\n<figure class=\"wp-block-image size-large is-resized\"><img loading=\"lazy\" decoding=\"async\" src=\"https:\/\/tietojakone.com\/wp-content\/uploads\/2021\/09\/ben-kolde-b15nB4ykyxc-unsplash-819x1024.jpg\" alt=\"\" class=\"wp-image-223\" width=\"369\" height=\"461\" srcset=\"https:\/\/tietojakone.com\/wp-content\/uploads\/2021\/09\/ben-kolde-b15nB4ykyxc-unsplash-819x1024.jpg 819w, https:\/\/tietojakone.com\/wp-content\/uploads\/2021\/09\/ben-kolde-b15nB4ykyxc-unsplash-240x300.jpg 240w, https:\/\/tietojakone.com\/wp-content\/uploads\/2021\/09\/ben-kolde-b15nB4ykyxc-unsplash-768x960.jpg 768w, https:\/\/tietojakone.com\/wp-content\/uploads\/2021\/09\/ben-kolde-b15nB4ykyxc-unsplash-1229x1536.jpg 1229w, https:\/\/tietojakone.com\/wp-content\/uploads\/2021\/09\/ben-kolde-b15nB4ykyxc-unsplash-1638x2048.jpg 1638w, https:\/\/tietojakone.com\/wp-content\/uploads\/2021\/09\/ben-kolde-b15nB4ykyxc-unsplash-600x750.jpg 600w, https:\/\/tietojakone.com\/wp-content\/uploads\/2021\/09\/ben-kolde-b15nB4ykyxc-unsplash-scaled.jpg 2048w\" sizes=\"auto, (max-width: 369px) 100vw, 369px\" \/><\/figure>\n<\/div>\n<\/div>\n\n\n\n<p><\/p>\n","protected":false},"excerpt":{"rendered":"<p>Nettisivuratkaisut Meill\u00e4 suunnittelu ja toteutus onnistuvat&nbsp;k\u00e4tev\u00e4sti yhdess\u00e4 paikassa.&nbsp; Kotisivut ovat t\u00e4rke\u00e4 osa yrityksesi n\u00e4kyvyytt\u00e4. Sit\u00e4 kautta asiakkaat yleens\u00e4 ensimm\u00e4isen\u00e4 tutustuvat palveluihisi etsiess\u00e4\u00e4n tietoa yrityksest\u00e4si ja&hellip;<\/p>\n","protected":false},"author":1,"featured_media":0,"parent":81,"menu_order":0,"comment_status":"closed","ping_status":"closed","template":"","meta":{"qubely_global_settings":"","qubely_interactions":"","footnotes":""},"class_list":["post-86","page","type-page","status-publish","hentry"],"_links":{"self":[{"href":"https:\/\/tietojakone.com\/index.php?rest_route=\/wp\/v2\/pages\/86","targetHints":{"allow":["GET"]}}],"collection":[{"href":"https:\/\/tietojakone.com\/index.php?rest_route=\/wp\/v2\/pages"}],"about":[{"href":"https:\/\/tietojakone.com\/index.php?rest_route=\/wp\/v2\/types\/page"}],"author":[{"embeddable":true,"href":"https:\/\/tietojakone.com\/index.php?rest_route=\/wp\/v2\/users\/1"}],"replies":[{"embeddable":true,"href":"https:\/\/tietojakone.com\/index.php?rest_route=%2Fwp%2Fv2%2Fcomments&post=86"}],"version-history":[{"count":8,"href":"https:\/\/tietojakone.com\/index.php?rest_route=\/wp\/v2\/pages\/86\/revisions"}],"predecessor-version":[{"id":330,"href":"https:\/\/tietojakone.com\/index.php?rest_route=\/wp\/v2\/pages\/86\/revisions\/330"}],"up":[{"embeddable":true,"href":"https:\/\/tietojakone.com\/index.php?rest_route=\/wp\/v2\/pages\/81"}],"wp:attachment":[{"href":"https:\/\/tietojakone.com\/index.php?rest_route=%2Fwp%2Fv2%2Fmedia&parent=86"}],"curies":[{"name":"wp","href":"https:\/\/api.w.org\/{rel}","templated":true}]}}