{"id":115,"date":"2021-09-09T09:26:59","date_gmt":"2021-09-09T09:26:59","guid":{"rendered":"https:\/\/stage.tietojakone.com\/?post_type=product&#038;p=115"},"modified":"2021-09-10T13:09:57","modified_gmt":"2021-09-10T13:09:57","slug":"lenovo-v15-156","status":"publish","type":"product","link":"https:\/\/tietojakone.com\/?product=lenovo-v15-156","title":{"rendered":"Lenovo V15 &#8211; 15,6&#8243;"},"content":{"rendered":"<table class=\"techSpecs-table\" border=\"0\">\n<tbody>\n<tr>\n<td>Suoritin<\/td>\n<td>\n<div>Jopa 10. sukupolven Intel<sup>\u00ae<\/sup>\u00a0Core<sup>\u2122<\/sup>\u00a0i7 -suoritin<\/div>\n<\/td>\n<\/tr>\n<tr>\n<td>K\u00e4ytt\u00f6j\u00e4rjestelm\u00e4<\/td>\n<td>\n<div>Windows\u00a010\u00a0Pro<\/div>\n<\/td>\n<\/tr>\n<tr>\n<td>N\u00e4ytt\u00f6<\/td>\n<td>\n<ul>\n<li>15,6&#8243; heijastamaton t\u00e4yster\u00e4v\u00e4piirton\u00e4ytt\u00f6 (1\u00a0920\u00a0x\u00a01\u00a0080)<\/li>\n<li>15,6&#8243; heijastamaton ter\u00e4v\u00e4piirton\u00e4ytt\u00f6 (1\u00a0366\u00a0x\u00a0768)<\/li>\n<\/ul>\n<\/td>\n<\/tr>\n<tr>\n<td>Muisti<\/td>\n<td>\n<div>Jopa 16 Gt DDR4-muistia<\/div>\n<\/td>\n<\/tr>\n<tr>\n<td>Tallennustila<\/td>\n<td>\n<ul>\n<li>Jopa 512 Gt:n M.2 PCIe SSD -asema<\/li>\n<li>Jopa 2 Tt:n kiintolevy (5 400 rpm)<\/li>\n<li>Tukee kaksoistallennusasemaa<\/li>\n<\/ul>\n<\/td>\n<\/tr>\n<tr>\n<td>N\u00e4yt\u00f6nohjain<\/td>\n<td>\n<ul>\n<li>NVIDIA<sup>\u00ae<\/sup>\u00a0GeForce<sup>\u00ae<\/sup>\u00a0MX110, 2 Gt:n VRAM<\/li>\n<li>Integroitu Intel\u00ae UHD Graphics<\/li>\n<\/ul>\n<\/td>\n<\/tr>\n<tr>\n<td>Akku<\/td>\n<td>Jopa 6\u00a0tuntia<sup>*<\/sup>\u00a035\u00a0Wh:n akulla<\/p>\n<p><small>* Perustuu MobileMark\u00a02014 -mittauksen testeihin. Akun kesto vaihtelee merkitt\u00e4v\u00e4sti asetusten, k\u00e4yt\u00f6n ja muiden tekij\u00f6iden mukaan.<\/small><\/td>\n<\/tr>\n<tr>\n<td>Camera<\/td>\n<td>\n<div>0,3\u00a0Mpx<\/div>\n<\/td>\n<\/tr>\n<tr>\n<td>Yhteydet<\/td>\n<td>\n<div>Jopa 802.11 2&#215;2 AC + Bluetooth\u00ae 5.0<\/div>\n<\/td>\n<\/tr>\n<tr>\n<td>Suojaus<\/td>\n<td>\n<ul>\n<li>Trusted Platform Module (TPM) 2.0 -laiteohjelmisto<\/li>\n<li>Kensington-lukkopaikka<\/li>\n<\/ul>\n<\/td>\n<\/tr>\n<tr>\n<td>\u00c4\u00e4ni<\/td>\n<td>\n<ul>\n<li>2 x 1.5W-kaiuttimet<\/li>\n<li>Dolby\u00a0Audio<\/li>\n<li>mikrofoni<\/li>\n<\/ul>\n<\/td>\n<\/tr>\n<tr>\n<td>N\u00e4pp\u00e4imist\u00f6<\/td>\n<td>\n<div>T\u00e4ysikokoinen vakion\u00e4pp\u00e4imist\u00f6, jossa on numeron\u00e4pp\u00e4imist\u00f6, &amp; yksiosainen kosketuslevy<\/div>\n<\/td>\n<\/tr>\n<tr>\n<td>Paino<\/td>\n<td>\n<div>Alkaen 2,1\u00a0kg<\/div>\n<\/td>\n<\/tr>\n<tr>\n<td>Mitat<\/td>\n<td>\n<div>362,2\u00a0mm x 251,5\u00a0mm x 19,9\u00a0mm<\/div>\n<\/td>\n<\/tr>\n<tr>\n<td>Portit ja paikat<\/td>\n<td>\n<ul>\n<li>2 x USB-A 3.0 (Gen 1)<\/li>\n<li>USB\u00a02.0 (Gen\u00a01)<\/li>\n<li>HDMI<\/li>\n<li>SD-kortinlukulaite<\/li>\n<li>Kuuloke- ja mikrofoniyhdistelm\u00e4<\/li>\n<\/ul>\n<\/td>\n<\/tr>\n<\/tbody>\n<\/table>\n","protected":false},"excerpt":{"rendered":"<h4>Luotettava toimistoapulainen<\/h4>\n<p>T\u00e4m\u00e4 kannettava suoriutuu tehokkaasti jokap\u00e4iv\u00e4isist\u00e4 teht\u00e4vist\u00e4si. Kannettava tukee liiketoimintasi tuottavuutta ja pit\u00e4\u00e4 tietosi suojattuina. Entist\u00e4 ohuemman ja pienemm\u00e4n rakenteen ja kapeampien sivureunusten ansiosta se my\u00f6s n\u00e4ytt\u00e4\u00e4 aina tyylikk\u00e4\u00e4lt\u00e4 ja ammattimaiselta.<\/p>\n<h4 class=\"tabbedBrowse-features-featureHeading\">Varmistaa tuottavan ty\u00f6skentelyn ja tietoturvan<\/h4>\n<div class=\"tabbedBrowse-features-featureText\">\n<p>Lenovo V15 (15\u201d Intel) -kannettavan valinnainen kaksoistallennusasema ja erillinen NVIDIA\u00ae-n\u00e4yt\u00f6nohjain parantavat tuottavuutta, ja integroitu Trusted Platform Module (TPM) 2.0 -laiteohjelmisto pit\u00e4\u00e4 ty\u00f6si turvattuna tietojen ja salasanojen salauksen ansiosta.<\/p>\n<\/div>\n<h4 class=\"tabbedBrowse-features-featureHeading\">Loistava kuvanlaatu<\/h4>\n<div class=\"tabbedBrowse-features-featureText\">\n<p>Kannettavan moderni muotoilu antaa sille laadukkaan ilmeen ja tuntuman, ja ohuen rakenteen ansiosta voit ottaa sen helposti mukaasi l\u00e4htiess\u00e4si toimistolta. Valinnainen 15,6-tuumainen t\u00e4yster\u00e4v\u00e4piirton\u00e4ytt\u00f6 (1 920 x 1 080) takaa kirkkaat v\u00e4rit ja tarkan kuvan. Lis\u00e4ksi kapeat sivureunukset edist\u00e4v\u00e4t katselukokemusta edelleen.<\/p>\n<\/div>\n<h2><strong><span class=\"qubely-text-has-color\">479\u20ac<\/span><\/strong><\/h2>\n","protected":false},"featured_media":113,"template":"","meta":{"qubely_global_settings":"","qubely_interactions":""},"product_brand":[],"product_cat":[17],"product_tag":[],"wpstream_actors":[],"wpstream_category":[],"wpstream_movie_rating":[],"class_list":{"0":"post-115","1":"product","2":"type-product","3":"status-publish","4":"has-post-thumbnail","6":"product_cat-tietokoneet","8":"first","9":"instock","10":"product-type-simple","11":"customify-col","12":"product-has-gallery"},"_links":{"self":[{"href":"https:\/\/tietojakone.com\/index.php?rest_route=\/wp\/v2\/product\/115","targetHints":{"allow":["GET"]}}],"collection":[{"href":"https:\/\/tietojakone.com\/index.php?rest_route=\/wp\/v2\/product"}],"about":[{"href":"https:\/\/tietojakone.com\/index.php?rest_route=\/wp\/v2\/types\/product"}],"wp:featuredmedia":[{"embeddable":true,"href":"https:\/\/tietojakone.com\/index.php?rest_route=\/wp\/v2\/media\/113"}],"wp:attachment":[{"href":"https:\/\/tietojakone.com\/index.php?rest_route=%2Fwp%2Fv2%2Fmedia&parent=115"}],"wp:term":[{"taxonomy":"product_brand","embeddable":true,"href":"https:\/\/tietojakone.com\/index.php?rest_route=%2Fwp%2Fv2%2Fproduct_brand&post=115"},{"taxonomy":"product_cat","embeddable":true,"href":"https:\/\/tietojakone.com\/index.php?rest_route=%2Fwp%2Fv2%2Fproduct_cat&post=115"},{"taxonomy":"product_tag","embeddable":true,"href":"https:\/\/tietojakone.com\/index.php?rest_route=%2Fwp%2Fv2%2Fproduct_tag&post=115"},{"taxonomy":"wpstream_actors","embeddable":true,"href":"https:\/\/tietojakone.com\/index.php?rest_route=%2Fwp%2Fv2%2Fwpstream_actors&post=115"},{"taxonomy":"wpstream_category","embeddable":true,"href":"https:\/\/tietojakone.com\/index.php?rest_route=%2Fwp%2Fv2%2Fwpstream_category&post=115"},{"taxonomy":"wpstream_movie_rating","embeddable":true,"href":"https:\/\/tietojakone.com\/index.php?rest_route=%2Fwp%2Fv2%2Fwpstream_movie_rating&post=115"}],"curies":[{"name":"wp","href":"https:\/\/api.w.org\/{rel}","templated":true}]}}