{"id":150,"date":"2021-09-09T09:32:05","date_gmt":"2021-09-09T09:32:05","guid":{"rendered":"https:\/\/stage.tietojakone.com\/?post_type=product&#038;p=150"},"modified":"2021-09-10T13:11:10","modified_gmt":"2021-09-10T13:11:10","slug":"lenovo-v145","status":"publish","type":"product","link":"https:\/\/tietojakone.com\/?product=lenovo-v145","title":{"rendered":"Lenovo V145 15,6&#8243;"},"content":{"rendered":"","protected":false},"excerpt":{"rendered":"<h4 class=\"heroSubHeader\">Liiketoiminnan apuna<\/h4>\n<div class=\"hero-productDescription-body mediaGallery-productDescription-body\">Tutustu 15&#8243; V145 -kannettavaan, joka on suunniteltu helpottamaan p\u00e4ivitt\u00e4isen liiketoiminnan hoitamista. Paranna tuottavuutta ja tehokkuutta lujatekoisella AMD-suorittimella ja -n\u00e4yt\u00f6nohjaimella, suojaa tietojasi ammattitason suojauksella ja tarjoa ty\u00f6ntekij\u00f6ille laitteen ergonomisten ominaisuuksien mukavuus \u2014 k\u00e4\u00e4rittyn\u00e4 koteloon\u00a0, joka n\u00e4ytt\u00e4\u00e4 tyylikk\u00e4\u00e4lt\u00e4 ja ammattimaiselta.<\/div>\n<h2><strong>449\u20ac<\/strong><\/h2>\n","protected":false},"featured_media":151,"template":"","meta":{"qubely_global_settings":"","qubely_interactions":""},"product_brand":[],"product_cat":[17],"product_tag":[],"wpstream_actors":[],"wpstream_category":[],"wpstream_movie_rating":[],"class_list":{"0":"post-150","1":"product","2":"type-product","3":"status-publish","4":"has-post-thumbnail","6":"product_cat-tietokoneet","8":"first","9":"instock","10":"taxable","11":"shipping-taxable","12":"product-type-simple","13":"customify-col","14":"product-has-gallery"},"_links":{"self":[{"href":"https:\/\/tietojakone.com\/index.php?rest_route=\/wp\/v2\/product\/150","targetHints":{"allow":["GET"]}}],"collection":[{"href":"https:\/\/tietojakone.com\/index.php?rest_route=\/wp\/v2\/product"}],"about":[{"href":"https:\/\/tietojakone.com\/index.php?rest_route=\/wp\/v2\/types\/product"}],"wp:featuredmedia":[{"embeddable":true,"href":"https:\/\/tietojakone.com\/index.php?rest_route=\/wp\/v2\/media\/151"}],"wp:attachment":[{"href":"https:\/\/tietojakone.com\/index.php?rest_route=%2Fwp%2Fv2%2Fmedia&parent=150"}],"wp:term":[{"taxonomy":"product_brand","embeddable":true,"href":"https:\/\/tietojakone.com\/index.php?rest_route=%2Fwp%2Fv2%2Fproduct_brand&post=150"},{"taxonomy":"product_cat","embeddable":true,"href":"https:\/\/tietojakone.com\/index.php?rest_route=%2Fwp%2Fv2%2Fproduct_cat&post=150"},{"taxonomy":"product_tag","embeddable":true,"href":"https:\/\/tietojakone.com\/index.php?rest_route=%2Fwp%2Fv2%2Fproduct_tag&post=150"},{"taxonomy":"wpstream_actors","embeddable":true,"href":"https:\/\/tietojakone.com\/index.php?rest_route=%2Fwp%2Fv2%2Fwpstream_actors&post=150"},{"taxonomy":"wpstream_category","embeddable":true,"href":"https:\/\/tietojakone.com\/index.php?rest_route=%2Fwp%2Fv2%2Fwpstream_category&post=150"},{"taxonomy":"wpstream_movie_rating","embeddable":true,"href":"https:\/\/tietojakone.com\/index.php?rest_route=%2Fwp%2Fv2%2Fwpstream_movie_rating&post=150"}],"curies":[{"name":"wp","href":"https:\/\/api.w.org\/{rel}","templated":true}]}}