{"id":208,"date":"2021-09-10T13:07:01","date_gmt":"2021-09-10T13:07:01","guid":{"rendered":"https:\/\/stage.tietojakone.com\/?post_type=product&#038;p=208"},"modified":"2021-09-10T13:09:34","modified_gmt":"2021-09-10T13:09:34","slug":"lenovo-ideapad-slim-14","status":"publish","type":"product","link":"https:\/\/tietojakone.com\/?product=lenovo-ideapad-slim-14","title":{"rendered":"Lenovo IdeaPad Slim 14&#8243;"},"content":{"rendered":"<ul id=\"34458_EANPartNumberWidget\" class=\"ean-part-number\">\n<li><span id=\"descAttributeName_1_9_-3018_34468\">Prosessori:<\/span><span id=\"descAttributeValue_1_9_-3018_34468\">AMD A-sarja<\/span><\/li>\n<li><span id=\"descAttributeName_2_9_-3018_34468\">N\u00e4yt\u00f6n koko, tuumaa:<\/span><span id=\"descAttributeValue_2_9_-3018_34468\">14<\/span><\/li>\n<li><span id=\"descAttributeName_3_9_-3018_34468\">Takuu:<\/span><span id=\"descAttributeValue_3_9_-3018_34468\">2 vuotta<\/span><\/li>\n<li><span id=\"descAttributeName_4_9_-3018_34468\">Massamuisti:<\/span><span id=\"descAttributeValue_4_9_-3018_34468\">eMMC<\/span><\/li>\n<li><span id=\"descAttributeName_5_9_-3018_34468\">Optinen asema:<\/span><span id=\"descAttributeValue_5_9_-3018_34468\">Ei<\/span><\/li>\n<li>EAN:<span id=\"item_EAN_551153501\">194632744156<\/span><\/li>\n<li><span id=\"item_EAN_551153501\">T<\/span>uotenumero:<span id=\"product_SKU_551153501\">102306161<\/span><\/li>\n<li class=\"ean-part-number-item\">Toimittajan tuotenumero:<span id=\"product_SPNU_551153501\">3777721<\/span><\/li>\n<\/ul>\n","protected":false},"excerpt":{"rendered":"<h4>Huipputarkka 14\u201d Full HD -n\u00e4ytt\u00f6 &#8211; Jopa 8 tunnin akkukesto<\/h4>\n<p>IdeaPad 1 on moderni, tyylik\u00e4s ja kevyt kannettava, joka on eritt\u00e4in miellytt\u00e4v\u00e4 kantaa mukana. Pitk\u00e4n akunkeston ansiosta k\u00e4ytt\u00e4j\u00e4n ei tarvitse huolehtia virran loppumisesta kesken p\u00e4iv\u00e4n. Runko on suunniteltu uudelleen ja pohjassa on juuri oikean kokoiset kumitassut, jotka nostavat koneen irti p\u00f6yd\u00e4st\u00e4 maksimoiden ilmankierron ja varmistaen, ett\u00e4 kone pysyy viile\u00e4n\u00e4 pidemm\u00e4ss\u00e4kin k\u00e4yt\u00f6ss\u00e4. N\u00e4pp\u00e4imist\u00f6 on muistakin Lenovon laitteista tuttu AccuType Keyboard, jossa jokainen n\u00e4pp\u00e4in on oma painikkeensa ja py\u00f6ristetyn muotoinen, jotta kirjoittaminen olisi mahdollisimman mukavaa ja sujuvaa.<\/p>\n<p>Jotta jokainen Lenovon tietokone kest\u00e4isi parhaalla mahdollisella tavalla nyt ja vuosienkin p\u00e4\u00e4st\u00e4, niille suoritetaan kuusi erilaista rasitustesti\u00e4 ennen kuin niiden massatuotanto aloitetaan. Testej\u00e4 suoritetaan tuhansia ja tuhansia kertoja, eli niiden tarkoitus on simuloida normaalia k\u00e4ytt\u00f6\u00e4 paljon rajumpi ymp\u00e4rist\u00f6, jotta laitteiden laatu saadaan taattua viimeist\u00e4 pisaraa my\u00f6ten.<\/p>\n<h2><strong>329\u20ac<\/strong><\/h2>\n","protected":false},"featured_media":209,"template":"","meta":{"qubely_global_settings":"","qubely_interactions":""},"product_brand":[],"product_cat":[17],"product_tag":[],"wpstream_actors":[],"wpstream_category":[],"wpstream_movie_rating":[],"class_list":{"0":"post-208","1":"product","2":"type-product","3":"status-publish","4":"has-post-thumbnail","6":"product_cat-tietokoneet","8":"first","9":"instock","10":"taxable","11":"shipping-taxable","12":"product-type-simple","13":"customify-col"},"_links":{"self":[{"href":"https:\/\/tietojakone.com\/index.php?rest_route=\/wp\/v2\/product\/208","targetHints":{"allow":["GET"]}}],"collection":[{"href":"https:\/\/tietojakone.com\/index.php?rest_route=\/wp\/v2\/product"}],"about":[{"href":"https:\/\/tietojakone.com\/index.php?rest_route=\/wp\/v2\/types\/product"}],"wp:featuredmedia":[{"embeddable":true,"href":"https:\/\/tietojakone.com\/index.php?rest_route=\/wp\/v2\/media\/209"}],"wp:attachment":[{"href":"https:\/\/tietojakone.com\/index.php?rest_route=%2Fwp%2Fv2%2Fmedia&parent=208"}],"wp:term":[{"taxonomy":"product_brand","embeddable":true,"href":"https:\/\/tietojakone.com\/index.php?rest_route=%2Fwp%2Fv2%2Fproduct_brand&post=208"},{"taxonomy":"product_cat","embeddable":true,"href":"https:\/\/tietojakone.com\/index.php?rest_route=%2Fwp%2Fv2%2Fproduct_cat&post=208"},{"taxonomy":"product_tag","embeddable":true,"href":"https:\/\/tietojakone.com\/index.php?rest_route=%2Fwp%2Fv2%2Fproduct_tag&post=208"},{"taxonomy":"wpstream_actors","embeddable":true,"href":"https:\/\/tietojakone.com\/index.php?rest_route=%2Fwp%2Fv2%2Fwpstream_actors&post=208"},{"taxonomy":"wpstream_category","embeddable":true,"href":"https:\/\/tietojakone.com\/index.php?rest_route=%2Fwp%2Fv2%2Fwpstream_category&post=208"},{"taxonomy":"wpstream_movie_rating","embeddable":true,"href":"https:\/\/tietojakone.com\/index.php?rest_route=%2Fwp%2Fv2%2Fwpstream_movie_rating&post=208"}],"curies":[{"name":"wp","href":"https:\/\/api.w.org\/{rel}","templated":true}]}}